{"id":1835,"date":"2023-07-19T16:37:54","date_gmt":"2023-07-19T13:37:54","guid":{"rendered":"https:\/\/ergullermobilya.com\/?post_type=product&#038;p=1835"},"modified":"2025-06-06T06:30:32","modified_gmt":"2025-06-06T03:30:32","slug":"er-068","status":"publish","type":"product","link":"https:\/\/ergullermobilya.com\/?product=er-068","title":{"rendered":"ER-068"},"content":{"rendered":"<p>\u00d6zel \u00dcretim Yap\u0131lmaktad\u0131r Detayl\u0131 Bilgi \u0130\u00e7in \u0130leti\u015fime Ge\u00e7iniz!<\/p>\n","protected":false},"excerpt":{"rendered":"<p>\u00d6zel \u00dcretim Yap\u0131lmaktad\u0131r Detayl\u0131 Bilgi \u0130\u00e7in \u0130leti\u015fime Ge\u00e7iniz!<\/p>\n","protected":false},"featured_media":1836,"comment_status":"open","ping_status":"closed","template":"","meta":[],"product_cat":[18],"product_tag":[],"_links":{"self":[{"href":"https:\/\/ergullermobilya.com\/index.php?rest_route=\/wp\/v2\/product\/1835"}],"collection":[{"href":"https:\/\/ergullermobilya.com\/index.php?rest_route=\/wp\/v2\/product"}],"about":[{"href":"https:\/\/ergullermobilya.com\/index.php?rest_route=\/wp\/v2\/types\/product"}],"replies":[{"embeddable":true,"href":"https:\/\/ergullermobilya.com\/index.php?rest_route=%2Fwp%2Fv2%2Fcomments&post=1835"}],"wp:featuredmedia":[{"embeddable":true,"href":"https:\/\/ergullermobilya.com\/index.php?rest_route=\/wp\/v2\/media\/1836"}],"wp:attachment":[{"href":"https:\/\/ergullermobilya.com\/index.php?rest_route=%2Fwp%2Fv2%2Fmedia&parent=1835"}],"wp:term":[{"taxonomy":"product_cat","embeddable":true,"href":"https:\/\/ergullermobilya.com\/index.php?rest_route=%2Fwp%2Fv2%2Fproduct_cat&post=1835"},{"taxonomy":"product_tag","embeddable":true,"href":"https:\/\/ergullermobilya.com\/index.php?rest_route=%2Fwp%2Fv2%2Fproduct_tag&post=1835"}],"curies":[{"name":"wp","href":"https:\/\/api.w.org\/{rel}","templated":true}]}}