{"id":1741,"date":"2023-07-17T16:15:37","date_gmt":"2023-07-17T13:15:37","guid":{"rendered":"https:\/\/ergullermobilya.com\/?post_type=product&#038;p=1741"},"modified":"2023-07-17T16:15:37","modified_gmt":"2023-07-17T13:15:37","slug":"er-021","status":"publish","type":"product","link":"https:\/\/ergullermobilya.com\/?product=er-021","title":{"rendered":"ER-021"},"content":{"rendered":"<p>\u00d6zel \u00dcretim Yap\u0131lmaktad\u0131r Detayl\u0131 Bilgi \u0130\u00e7in \u0130leti\u015fime Ge\u00e7iniz!<\/p>\n","protected":false},"excerpt":{"rendered":"<p>\u00d6zel \u00dcretim Yap\u0131lmaktad\u0131r Detayl\u0131 Bilgi \u0130\u00e7in \u0130leti\u015fime Ge\u00e7iniz!<\/p>\n","protected":false},"featured_media":1742,"comment_status":"open","ping_status":"closed","template":"","meta":[],"product_cat":[18],"product_tag":[],"_links":{"self":[{"href":"https:\/\/ergullermobilya.com\/index.php?rest_route=\/wp\/v2\/product\/1741"}],"collection":[{"href":"https:\/\/ergullermobilya.com\/index.php?rest_route=\/wp\/v2\/product"}],"about":[{"href":"https:\/\/ergullermobilya.com\/index.php?rest_route=\/wp\/v2\/types\/product"}],"replies":[{"embeddable":true,"href":"https:\/\/ergullermobilya.com\/index.php?rest_route=%2Fwp%2Fv2%2Fcomments&post=1741"}],"wp:featuredmedia":[{"embeddable":true,"href":"https:\/\/ergullermobilya.com\/index.php?rest_route=\/wp\/v2\/media\/1742"}],"wp:attachment":[{"href":"https:\/\/ergullermobilya.com\/index.php?rest_route=%2Fwp%2Fv2%2Fmedia&parent=1741"}],"wp:term":[{"taxonomy":"product_cat","embeddable":true,"href":"https:\/\/ergullermobilya.com\/index.php?rest_route=%2Fwp%2Fv2%2Fproduct_cat&post=1741"},{"taxonomy":"product_tag","embeddable":true,"href":"https:\/\/ergullermobilya.com\/index.php?rest_route=%2Fwp%2Fv2%2Fproduct_tag&post=1741"}],"curies":[{"name":"wp","href":"https:\/\/api.w.org\/{rel}","templated":true}]}}