{"id":1739,"date":"2023-07-17T16:11:12","date_gmt":"2023-07-17T13:11:12","guid":{"rendered":"https:\/\/ergullermobilya.com\/?post_type=product&#038;p=1739"},"modified":"2025-06-06T01:23:40","modified_gmt":"2025-06-05T22:23:40","slug":"er-020","status":"publish","type":"product","link":"https:\/\/ergullermobilya.com\/?product=er-020","title":{"rendered":"ER-020"},"content":{"rendered":"<p>\u00d6zel \u00dcretim Yap\u0131lmaktad\u0131r Detayl\u0131 Bilgi \u0130\u00e7in \u0130leti\u015fime Ge\u00e7iniz!<\/p>\n","protected":false},"excerpt":{"rendered":"<p>\u00d6zel \u00dcretim Yap\u0131lmaktad\u0131r Detayl\u0131 Bilgi \u0130\u00e7in \u0130leti\u015fime Ge\u00e7iniz!<\/p>\n","protected":false},"featured_media":1740,"comment_status":"open","ping_status":"closed","template":"","meta":[],"product_cat":[18],"product_tag":[],"_links":{"self":[{"href":"https:\/\/ergullermobilya.com\/index.php?rest_route=\/wp\/v2\/product\/1739"}],"collection":[{"href":"https:\/\/ergullermobilya.com\/index.php?rest_route=\/wp\/v2\/product"}],"about":[{"href":"https:\/\/ergullermobilya.com\/index.php?rest_route=\/wp\/v2\/types\/product"}],"replies":[{"embeddable":true,"href":"https:\/\/ergullermobilya.com\/index.php?rest_route=%2Fwp%2Fv2%2Fcomments&post=1739"}],"wp:featuredmedia":[{"embeddable":true,"href":"https:\/\/ergullermobilya.com\/index.php?rest_route=\/wp\/v2\/media\/1740"}],"wp:attachment":[{"href":"https:\/\/ergullermobilya.com\/index.php?rest_route=%2Fwp%2Fv2%2Fmedia&parent=1739"}],"wp:term":[{"taxonomy":"product_cat","embeddable":true,"href":"https:\/\/ergullermobilya.com\/index.php?rest_route=%2Fwp%2Fv2%2Fproduct_cat&post=1739"},{"taxonomy":"product_tag","embeddable":true,"href":"https:\/\/ergullermobilya.com\/index.php?rest_route=%2Fwp%2Fv2%2Fproduct_tag&post=1739"}],"curies":[{"name":"wp","href":"https:\/\/api.w.org\/{rel}","templated":true}]}}